{"id":775,"date":"2025-05-22T08:55:28","date_gmt":"2025-05-22T06:55:28","guid":{"rendered":"https:\/\/dev.all-can-wp.berta-bewegt.ch\/ueber-uns\/"},"modified":"2025-05-27T11:27:54","modified_gmt":"2025-05-27T09:27:54","slug":"ueber-uns","status":"publish","type":"page","link":"https:\/\/all-can.ch\/fr\/ueber-uns\/","title":{"rendered":"Qui nous sommes"},"content":{"rendered":"\n<h3 class=\"wp-block-heading\">All.Can: une prise en charge durable du cancer \u00e9labor\u00e9e en commun<\/h3>\n\n\n\n<p>All.Can est une initiative internationale r\u00e9unissant de multiples parties prenantes, qui a \u00e9t\u00e9 lanc\u00e9e en Europe fin 2016. Son but est d\u2019accro\u00eetre l\u2019efficacit\u00e9 de la prise en charge du cancer dans le monde entier et d\u2019am\u00e9liorer la qualit\u00e9 de vie des patient-e-s. Elle entend impliquer tous les acteurs de la prise en charge du cancer et d\u00e9velopper des solutions communes. En font partie les repr\u00e9sentants d\u2019organisations de patients, des m\u00e9decins, de la recherche, de la politique, des assurances-maladie et d\u2019autres groupes d\u2019int\u00e9r\u00eat.<\/p>\n\n\n\n<p>Pour transposer la vision de All.Can dans le contexte des diff\u00e9rents syst\u00e8mes de sant\u00e9 nationaux, des initiatives impliquant de multiples parties prenantes ont \u00e9t\u00e9 lanc\u00e9es dans plusieurs pays, dont la Suisse. All.Can Suisse et les autres initiatives nationales sont en train de d\u00e9terminer les besoins sp\u00e9cifiques de leur syst\u00e8me de sant\u00e9 et de d\u00e9velopper des solutions communes pour les directives et plans nationaux de prise en charge du cancer.<\/p>\n\n\n\n<h3 class=\"wp-block-heading\">Exploiter efficacement les ressources disponibles et assurer la prise en charge du cancer pour tous<\/h3>\n\n\n\n<p>En m\u00eame temps que la fr\u00e9quence des maladies non-transmissibles (MNT), dont le cancer, est en augmentation dans le monde entier, la pression financi\u00e8re sur les syst\u00e8mes de sant\u00e9 s\u2019accro\u00eet. Il faut agir pour assurer d\u00e8s maintenant et \u00e0 l\u2019avenir une prise en charge sanitaire durable et l\u2019acc\u00e8s \u00e9quitable aux innovations pour tous les patients et patientes. \u00c0 cet effet, il est crucial d\u2019employer nos ressources dans l\u2019int\u00e9r\u00eat des patient-e-s, efficacement et sans gaspillage. C\u2019est le but pour lequel All.Can s\u2019engage.<\/p>\n\n\n\n<h3 class=\"wp-block-heading\">Quatre grands axes, un objectif<\/h3>\n\n\n\n<p>Pour encourager une gestion durable des ressources du syst\u00e8me de sant\u00e9 et l\u2019am\u00e9lioration de la qualit\u00e9 de vie des patient-e-s, All.Can se base sur les quatre grands axes suivants: <\/p>\n\n\n\n<ol class=\"wp-block-list\">\n<li>Nous mettons toujours au centre de notre action les r\u00e9sultats pertinents pour les patient-e-s.<\/li>\n\n\n\n<li>Nous investissons dans le relev\u00e9 de donn\u00e9es issues de la prise en charge concr\u00e8te.<\/li>\n\n\n\n<li>Nous renfor\u00e7ons le sens des responsabilit\u00e9s.<\/li>\n\n\n\n<li>Nous encourageons le dialogue politique au sujet du cancer.<\/li>\n<\/ol>\n\n\n\n<h3 class=\"wp-block-heading\">All.Can Suisse<\/h3>\n\n\n\n<p>La Suisse peut se targuer de l\u2019un des meilleurs, mais aussi des plus chers syst\u00e8mes de sant\u00e9 au monde. Plusieurs \u00e9tudes ont montr\u00e9 que l\u2019enjeu principal du syst\u00e8me de sant\u00e9 suisse consiste \u00e0 employer les ressources de mani\u00e8re plus efficace. Avec All.Can Suisse, nous voulons fa\u00e7onner ensemble l\u2019avenir de notre syst\u00e8me de sant\u00e9. Pour assurer la p\u00e9rennit\u00e9 de la prise en charge pour tous les patients, une coop\u00e9ration entre tous les acteurs est indispensable.<\/p>\n\n\n\n<p>Depuis d\u00e9but 2018, All.Can est aussi active en Suisse. Plusieurs projets ont d\u00e9j\u00e0 \u00e9t\u00e9 lanc\u00e9s, dont le but est de donner des impulsions positives durables \u00e0 la prise en charge du cancer en Suisse. Par les projets que nous soutenons et les connaissances qui en d\u00e9coulent, nous voulons encourager un dialogue national, auquel pourront participer tous les acteurs int\u00e9ress\u00e9s, visant \u00e0 am\u00e9liorer la prise en charge du cancer et la qualit\u00e9 de vie des patient-e-s. Nous voulons \u00e9galement contribuer ainsi \u00e0 la sensibilisation de l\u2019opinion publique aux enjeux et aux potentiels de la prise en charge du cancer en Suisse.<\/p>\n\n\n\n<p>Actuellement, All.Can Suisse se compose de repr\u00e9sentants de l\u2019industrie, de la recherche et d\u2019organisations de patients. Nous voulons continuer \u00e0 \u00e9tendre le socle de membres et impliquer tous les acteurs de la prise en charge du cancer. Vous trouverez plus d\u2019informations sur nos membres \u00e0 la rubrique \u00abStructure de notre organisation\u00bb<\/p>\n\n\n\n<p><br><strong>Partenariat du r\u00e9seau<\/strong><\/p>\n\n\n\n<p>All.Can Switzerland est un partenaire de r\u00e9seau du Do Tank\u00a0<a href=\"https:\/\/santenext.ch\/fr\" target=\"_blank\" rel=\"noreferrer noopener\">santeneXt.<\/a>\u00a0Ensemble, nous nous engageons \u00e0 am\u00e9liorer le syst\u00e8me de sant\u00e9 suisse.<\/p>\n\n\n\n<figure class=\"wp-block-image size-full is-resized\"><a href=\"http:\/\/www.santenext.ch\" target=\"_blank\" rel=\" noreferrer noopener\"><img loading=\"lazy\" decoding=\"async\" width=\"608\" height=\"290\" src=\"https:\/\/all-can.ch\/wp-content\/uploads\/2025\/05\/b7306428-santenext-logo.png\" alt=\"\" class=\"wp-image-203\" style=\"object-fit:cover;width:157px;height:75px\" srcset=\"https:\/\/all-can.ch\/wp-content\/uploads\/2025\/05\/b7306428-santenext-logo.png 608w, https:\/\/all-can.ch\/wp-content\/uploads\/2025\/05\/b7306428-santenext-logo-600x286.png 600w\" sizes=\"auto, (max-width: 608px) 100vw, 608px\" \/><\/a><\/figure>\n","protected":false},"excerpt":{"rendered":"<p>All.Can: une prise en charge durable du cancer \u00e9labor\u00e9e en commun All.Can est une initiative internationale r\u00e9unissant de multiples parties prenantes, qui a \u00e9t\u00e9 lanc\u00e9e en Europe fin 2016. Son but est d\u2019accro\u00eetre l\u2019efficacit\u00e9 de la prise en charge du cancer dans le monde entier et d\u2019am\u00e9liorer la qualit\u00e9 de vie des patient-e-s. Elle entend [&hellip;]<\/p>\n","protected":false},"author":1,"featured_media":0,"parent":0,"menu_order":0,"comment_status":"closed","ping_status":"closed","template":"page-templates\/uber.php","meta":{"_acf_changed":false,"inline_featured_image":false,"footnotes":""},"class_list":["post-775","page","type-page","status-publish","hentry"],"acf":[],"yoast_head":"<!-- This site is optimized with the Yoast SEO plugin v27.1.1 - https:\/\/yoast.com\/product\/yoast-seo-wordpress\/ -->\n<title>Qui nous sommes - All.Can Schweiz<\/title>\n<meta name=\"robots\" content=\"index, follow, max-snippet:-1, max-image-preview:large, max-video-preview:-1\" \/>\n<link rel=\"canonical\" href=\"https:\/\/all-can.ch\/fr\/ueber-uns\/\" \/>\n<meta property=\"og:locale\" content=\"fr_FR\" \/>\n<meta property=\"og:type\" content=\"article\" \/>\n<meta property=\"og:title\" content=\"Qui nous sommes - All.Can Schweiz\" \/>\n<meta property=\"og:description\" content=\"All.Can: une prise en charge durable du cancer \u00e9labor\u00e9e en commun All.Can est une initiative internationale r\u00e9unissant de multiples parties prenantes, qui a \u00e9t\u00e9 lanc\u00e9e en Europe fin 2016. Son but est d\u2019accro\u00eetre l\u2019efficacit\u00e9 de la prise en charge du cancer dans le monde entier et d\u2019am\u00e9liorer la qualit\u00e9 de vie des patient-e-s. Elle entend [&hellip;]\" \/>\n<meta property=\"og:url\" content=\"https:\/\/all-can.ch\/fr\/ueber-uns\/\" \/>\n<meta property=\"og:site_name\" content=\"All.Can Schweiz\" \/>\n<meta property=\"article:modified_time\" content=\"2025-05-27T09:27:54+00:00\" \/>\n<meta property=\"og:image\" content=\"https:\/\/all-can.ch\/wp-content\/uploads\/2025\/05\/b7306428-santenext-logo.png\" \/>\n\t<meta property=\"og:image:width\" content=\"608\" \/>\n\t<meta property=\"og:image:height\" content=\"290\" \/>\n\t<meta property=\"og:image:type\" content=\"image\/png\" \/>\n<meta name=\"twitter:card\" content=\"summary_large_image\" \/>\n<meta name=\"twitter:label1\" content=\"Est. reading time\" \/>\n\t<meta name=\"twitter:data1\" content=\"4 minutes\" \/>\n<script type=\"application\/ld+json\" class=\"yoast-schema-graph\">{\"@context\":\"https:\/\/schema.org\",\"@graph\":[{\"@type\":\"WebPage\",\"@id\":\"https:\/\/all-can.ch\/fr\/ueber-uns\/\",\"url\":\"https:\/\/all-can.ch\/fr\/ueber-uns\/\",\"name\":\"Qui nous sommes - All.Can Schweiz\",\"isPartOf\":{\"@id\":\"https:\/\/all-can.ch\/#website\"},\"primaryImageOfPage\":{\"@id\":\"https:\/\/all-can.ch\/fr\/ueber-uns\/#primaryimage\"},\"image\":{\"@id\":\"https:\/\/all-can.ch\/fr\/ueber-uns\/#primaryimage\"},\"thumbnailUrl\":\"https:\/\/all-can.ch\/wp-content\/uploads\/2025\/05\/b7306428-santenext-logo.png\",\"datePublished\":\"2025-05-22T06:55:28+00:00\",\"dateModified\":\"2025-05-27T09:27:54+00:00\",\"breadcrumb\":{\"@id\":\"https:\/\/all-can.ch\/fr\/ueber-uns\/#breadcrumb\"},\"inLanguage\":\"fr-FR\",\"potentialAction\":[{\"@type\":\"ReadAction\",\"target\":[\"https:\/\/all-can.ch\/fr\/ueber-uns\/\"]}]},{\"@type\":\"ImageObject\",\"inLanguage\":\"fr-FR\",\"@id\":\"https:\/\/all-can.ch\/fr\/ueber-uns\/#primaryimage\",\"url\":\"https:\/\/all-can.ch\/wp-content\/uploads\/2025\/05\/b7306428-santenext-logo.png\",\"contentUrl\":\"https:\/\/all-can.ch\/wp-content\/uploads\/2025\/05\/b7306428-santenext-logo.png\"},{\"@type\":\"BreadcrumbList\",\"@id\":\"https:\/\/all-can.ch\/fr\/ueber-uns\/#breadcrumb\",\"itemListElement\":[{\"@type\":\"ListItem\",\"position\":1,\"name\":\"Home\",\"item\":\"https:\/\/all-can.ch\/fr\/\"},{\"@type\":\"ListItem\",\"position\":2,\"name\":\"Qui nous sommes\"}]},{\"@type\":\"WebSite\",\"@id\":\"https:\/\/all-can.ch\/#website\",\"url\":\"https:\/\/all-can.ch\/\",\"name\":\"All.Can Schweiz\",\"description\":\"\",\"potentialAction\":[{\"@type\":\"SearchAction\",\"target\":{\"@type\":\"EntryPoint\",\"urlTemplate\":\"https:\/\/all-can.ch\/?s={search_term_string}\"},\"query-input\":{\"@type\":\"PropertyValueSpecification\",\"valueRequired\":true,\"valueName\":\"search_term_string\"}}],\"inLanguage\":\"fr-FR\"}]}<\/script>\n<!-- \/ Yoast SEO plugin. -->","yoast_head_json":{"title":"Qui nous sommes - All.Can Schweiz","robots":{"index":"index","follow":"follow","max-snippet":"max-snippet:-1","max-image-preview":"max-image-preview:large","max-video-preview":"max-video-preview:-1"},"canonical":"https:\/\/all-can.ch\/fr\/ueber-uns\/","og_locale":"fr_FR","og_type":"article","og_title":"Qui nous sommes - All.Can Schweiz","og_description":"All.Can: une prise en charge durable du cancer \u00e9labor\u00e9e en commun All.Can est une initiative internationale r\u00e9unissant de multiples parties prenantes, qui a \u00e9t\u00e9 lanc\u00e9e en Europe fin 2016. Son but est d\u2019accro\u00eetre l\u2019efficacit\u00e9 de la prise en charge du cancer dans le monde entier et d\u2019am\u00e9liorer la qualit\u00e9 de vie des patient-e-s. Elle entend [&hellip;]","og_url":"https:\/\/all-can.ch\/fr\/ueber-uns\/","og_site_name":"All.Can Schweiz","article_modified_time":"2025-05-27T09:27:54+00:00","og_image":[{"width":608,"height":290,"url":"https:\/\/all-can.ch\/wp-content\/uploads\/2025\/05\/b7306428-santenext-logo.png","type":"image\/png"}],"twitter_card":"summary_large_image","twitter_misc":{"Est. reading time":"4 minutes"},"schema":{"@context":"https:\/\/schema.org","@graph":[{"@type":"WebPage","@id":"https:\/\/all-can.ch\/fr\/ueber-uns\/","url":"https:\/\/all-can.ch\/fr\/ueber-uns\/","name":"Qui nous sommes - All.Can Schweiz","isPartOf":{"@id":"https:\/\/all-can.ch\/#website"},"primaryImageOfPage":{"@id":"https:\/\/all-can.ch\/fr\/ueber-uns\/#primaryimage"},"image":{"@id":"https:\/\/all-can.ch\/fr\/ueber-uns\/#primaryimage"},"thumbnailUrl":"https:\/\/all-can.ch\/wp-content\/uploads\/2025\/05\/b7306428-santenext-logo.png","datePublished":"2025-05-22T06:55:28+00:00","dateModified":"2025-05-27T09:27:54+00:00","breadcrumb":{"@id":"https:\/\/all-can.ch\/fr\/ueber-uns\/#breadcrumb"},"inLanguage":"fr-FR","potentialAction":[{"@type":"ReadAction","target":["https:\/\/all-can.ch\/fr\/ueber-uns\/"]}]},{"@type":"ImageObject","inLanguage":"fr-FR","@id":"https:\/\/all-can.ch\/fr\/ueber-uns\/#primaryimage","url":"https:\/\/all-can.ch\/wp-content\/uploads\/2025\/05\/b7306428-santenext-logo.png","contentUrl":"https:\/\/all-can.ch\/wp-content\/uploads\/2025\/05\/b7306428-santenext-logo.png"},{"@type":"BreadcrumbList","@id":"https:\/\/all-can.ch\/fr\/ueber-uns\/#breadcrumb","itemListElement":[{"@type":"ListItem","position":1,"name":"Home","item":"https:\/\/all-can.ch\/fr\/"},{"@type":"ListItem","position":2,"name":"Qui nous sommes"}]},{"@type":"WebSite","@id":"https:\/\/all-can.ch\/#website","url":"https:\/\/all-can.ch\/","name":"All.Can Schweiz","description":"","potentialAction":[{"@type":"SearchAction","target":{"@type":"EntryPoint","urlTemplate":"https:\/\/all-can.ch\/?s={search_term_string}"},"query-input":{"@type":"PropertyValueSpecification","valueRequired":true,"valueName":"search_term_string"}}],"inLanguage":"fr-FR"}]}},"_links":{"self":[{"href":"https:\/\/all-can.ch\/fr\/wp-json\/wp\/v2\/pages\/775","targetHints":{"allow":["GET"]}}],"collection":[{"href":"https:\/\/all-can.ch\/fr\/wp-json\/wp\/v2\/pages"}],"about":[{"href":"https:\/\/all-can.ch\/fr\/wp-json\/wp\/v2\/types\/page"}],"author":[{"embeddable":true,"href":"https:\/\/all-can.ch\/fr\/wp-json\/wp\/v2\/users\/1"}],"replies":[{"embeddable":true,"href":"https:\/\/all-can.ch\/fr\/wp-json\/wp\/v2\/comments?post=775"}],"version-history":[{"count":2,"href":"https:\/\/all-can.ch\/fr\/wp-json\/wp\/v2\/pages\/775\/revisions"}],"predecessor-version":[{"id":779,"href":"https:\/\/all-can.ch\/fr\/wp-json\/wp\/v2\/pages\/775\/revisions\/779"}],"wp:attachment":[{"href":"https:\/\/all-can.ch\/fr\/wp-json\/wp\/v2\/media?parent=775"}],"curies":[{"name":"wp","href":"https:\/\/api.w.org\/{rel}","templated":true}]}}